{"id":129,"date":"2023-12-28T10:49:03","date_gmt":"2023-12-28T09:49:03","guid":{"rendered":"https:\/\/balneariosierraalhamilla.com\/?page_id=129"},"modified":"2024-01-18T10:36:59","modified_gmt":"2024-01-18T09:36:59","slug":"servicios","status":"publish","type":"page","link":"https:\/\/balneariosierraalhamilla.com\/index.php\/servicios\/","title":{"rendered":"Servicios"},"content":{"rendered":"[vc_row type=\u00bbin_container\u00bb full_screen_row_position=\u00bbmiddle\u00bb column_margin=\u00bbdefault\u00bb column_direction=\u00bbdefault\u00bb column_direction_tablet=\u00bbdefault\u00bb column_direction_phone=\u00bbdefault\u00bb scene_position=\u00bbcenter\u00bb text_color=\u00bbdark\u00bb text_align=\u00bbleft\u00bb row_border_radius=\u00bbnone\u00bb row_border_radius_applies=\u00bbbg\u00bb overflow=\u00bbvisible\u00bb overlay_strength=\u00bb0.3&#8243; gradient_direction=\u00bbleft_to_right\u00bb shape_divider_position=\u00bbbottom\u00bb bg_image_animation=\u00bbnone\u00bb][vc_column column_padding=\u00bbno-extra-padding\u00bb column_padding_tablet=\u00bbinherit\u00bb column_padding_phone=\u00bbinherit\u00bb column_padding_position=\u00bball\u00bb column_element_direction_desktop=\u00bbdefault\u00bb column_element_spacing=\u00bbdefault\u00bb desktop_text_alignment=\u00bbdefault\u00bb tablet_text_alignment=\u00bbdefault\u00bb phone_text_alignment=\u00bbdefault\u00bb background_color_opacity=\u00bb1&#8243; background_hover_color_opacity=\u00bb1&#8243; column_backdrop_filter=\u00bbnone\u00bb column_shadow=\u00bbnone\u00bb column_border_radius=\u00bbnone\u00bb column_link_target=\u00bb_self\u00bb column_position=\u00bbdefault\u00bb gradient_direction=\u00bbleft_to_right\u00bb overlay_strength=\u00bb0.3&#8243; width=\u00bb1\/2&#8243; tablet_width_inherit=\u00bbdefault\u00bb animation_type=\u00bbdefault\u00bb bg_image_animation=\u00bbnone\u00bb border_type=\u00bbsimple\u00bb column_border_width=\u00bbnone\u00bb column_border_style=\u00bbsolid\u00bb][vc_gallery type=\u00bbflickity_style\u00bb images=\u00bb201,202,203&#8243; flickity_spacing=\u00bbdefault\u00bb flickity_controls=\u00bbpagination\u00bb flickity_overflow=\u00bbhidden\u00bb flickity_wrap_around=\u00bbwrap\u00bb flickity_desktop_columns=\u00bb1&#8243; flickity_small_desktop_columns=\u00bb1&#8243; flickity_tablet_columns=\u00bb1&#8243; flickity_phone_columns=\u00bb1&#8243; flickity_box_shadow=\u00bbnone\u00bb image_loading=\u00bbdefault\u00bb onclick=\u00bblink_no\u00bb][vc_column_text]El edificio principal consta de 18 habitaciones con distintos dise\u00f1os y situaci\u00f3n. Habitaciones con sal\u00f3n orientadas al Sur, habitaciones dobles norte y sur\u2026 Todas ellas con ba\u00f1o completo y acogedora decoraci\u00f3n que har\u00e1n de su estancia en nuestro hotel un completo descanso.<\/p>\n<p>El Hotel pone a su servicio unas inmejorables instalaciones dentro del edificios. Despachos y Salas de Juntas representativas.<\/p>\n<p>Adem\u00e1s de un completo servicio de habitaciones contar\u00e1 con:<\/p>\n<ul>\n<li>Televisor en la habitaci\u00f3n.<\/li>\n<li>Tel\u00e9fono y nevera en la habitaci\u00f3n.<\/li>\n<li>Restaurante con men\u00fa variado.<\/li>\n<li>Sal\u00f3n m\u00faltiple, de reuni\u00f3n y ocio.<\/li>\n<li>Seminarios.<\/li>\n<li>Reuniones de empresas.<\/li>\n<\/ul>\n[\/vc_column_text][\/vc_column][vc_column column_padding=\u00bbno-extra-padding\u00bb column_padding_tablet=\u00bbinherit\u00bb column_padding_phone=\u00bbinherit\u00bb column_padding_position=\u00bball\u00bb column_element_direction_desktop=\u00bbdefault\u00bb column_element_spacing=\u00bbdefault\u00bb desktop_text_alignment=\u00bbdefault\u00bb tablet_text_alignment=\u00bbdefault\u00bb phone_text_alignment=\u00bbdefault\u00bb background_color_opacity=\u00bb1&#8243; background_hover_color_opacity=\u00bb1&#8243; column_backdrop_filter=\u00bbnone\u00bb column_shadow=\u00bbnone\u00bb column_border_radius=\u00bbnone\u00bb column_link_target=\u00bb_self\u00bb column_position=\u00bbdefault\u00bb gradient_direction=\u00bbleft_to_right\u00bb overlay_strength=\u00bb0.3&#8243; width=\u00bb1\/2&#8243; tablet_width_inherit=\u00bbdefault\u00bb animation_type=\u00bbdefault\u00bb bg_image_animation=\u00bbnone\u00bb border_type=\u00bbsimple\u00bb column_border_width=\u00bbnone\u00bb column_border_style=\u00bbsolid\u00bb][vc_gallery type=\u00bbflickity_style\u00bb images=\u00bb204,205,206&#8243; flickity_spacing=\u00bbdefault\u00bb flickity_controls=\u00bbpagination\u00bb flickity_overflow=\u00bbhidden\u00bb flickity_wrap_around=\u00bbwrap\u00bb flickity_desktop_columns=\u00bb1&#8243; flickity_small_desktop_columns=\u00bb1&#8243; flickity_tablet_columns=\u00bb1&#8243; flickity_phone_columns=\u00bb1&#8243; flickity_box_shadow=\u00bbnone\u00bb image_loading=\u00bbdefault\u00bb onclick=\u00bblink_no\u00bb][vc_column_text]Ba\u00f1o termal individual: en habitaciones individuales podr\u00e1 disfrutar en una ba\u00f1era de m\u00e1rmol de estilo ar\u00e1bigo del agua termal a una temperatura de 38\u00ba C<\/p>\n<p>Ba\u00f1o termal colectivo (albercas): dos salones con dos albercas cada uno, en un fant\u00e1stico ambiente ar\u00e1bigo, a 38\u00ba C, para conseguir una completa relajaci\u00f3n. Para cuando se\u00e1is un grupo.<\/p>\n<p>Chorros: mediante mangueras, siendo un masaje totalmente natural para el m\u00fasculo.<\/p>\n<p>Fangos: tanto local (en una articulaci\u00f3n), parcial (espalda, \u2026) como completo, con arcilla volc\u00e1nica llamada bentonita , suavizando la piel y calmando dolores.<\/p>\n<p>Masajes terap\u00e9uticos y de relax: tanto parciales como completos, a cargo fisioterapeutas especializadas, para conseguir eliminar los dolores musculares.<\/p>\n<p>Drenaje linf\u00e1tico: mediante masajes espec\u00edficos.[\/vc_column_text][\/vc_column][\/vc_row]\n","protected":false},"excerpt":{"rendered":"<p>[vc_row type=\u00bbin_container\u00bb full_screen_row_position=\u00bbmiddle\u00bb column_margin=\u00bbdefault\u00bb column_direction=\u00bbdefault\u00bb column_direction_tablet=\u00bbdefault\u00bb column_direction_phone=\u00bbdefault\u00bb scene_position=\u00bbcenter\u00bb text_color=\u00bbdark\u00bb text_align=\u00bbleft\u00bb row_border_radius=\u00bbnone\u00bb row_border_radius_applies=\u00bbbg\u00bb overflow=\u00bbvisible\u00bb overlay_strength=\u00bb0.3&#8243; gradient_direction=\u00bbleft_to_right\u00bb shape_divider_position=\u00bbbottom\u00bb bg_image_animation=\u00bbnone\u00bb][vc_column column_padding=\u00bbno-extra-padding\u00bb column_padding_tablet=\u00bbinherit\u00bb column_padding_phone=\u00bbinherit\u00bb column_padding_position=\u00bball\u00bb column_element_direction_desktop=\u00bbdefault\u00bb column_element_spacing=\u00bbdefault\u00bb desktop_text_alignment=\u00bbdefault\u00bb tablet_text_alignment=\u00bbdefault\u00bb phone_text_alignment=\u00bbdefault\u00bb background_color_opacity=\u00bb1&#8243; background_hover_color_opacity=\u00bb1&#8243; column_backdrop_filter=\u00bbnone\u00bb column_shadow=\u00bbnone\u00bb&#8230;<\/p>\n","protected":false},"author":1,"featured_media":0,"parent":0,"menu_order":0,"comment_status":"closed","ping_status":"closed","template":"","meta":{"footnotes":""},"class_list":["post-129","page","type-page","status-publish"],"yoast_head":"<!-- This site is optimized with the Yoast SEO plugin v27.3 - https:\/\/yoast.com\/product\/yoast-seo-wordpress\/ -->\n<title>Servicios - Balneario Sierra Alhamilla<\/title>\n<meta name=\"robots\" content=\"index, follow, max-snippet:-1, max-image-preview:large, max-video-preview:-1\" \/>\n<link rel=\"canonical\" href=\"https:\/\/balneariosierraalhamilla.com\/index.php\/servicios\/\" \/>\n<meta property=\"og:locale\" content=\"es_ES\" \/>\n<meta property=\"og:type\" content=\"article\" \/>\n<meta property=\"og:title\" content=\"Servicios - Balneario Sierra Alhamilla\" \/>\n<meta property=\"og:description\" content=\"[vc_row type=\u00bbin_container\u00bb full_screen_row_position=\u00bbmiddle\u00bb column_margin=\u00bbdefault\u00bb column_direction=\u00bbdefault\u00bb column_direction_tablet=\u00bbdefault\u00bb column_direction_phone=\u00bbdefault\u00bb scene_position=\u00bbcenter\u00bb text_color=\u00bbdark\u00bb text_align=\u00bbleft\u00bb row_border_radius=\u00bbnone\u00bb row_border_radius_applies=\u00bbbg\u00bb overflow=\u00bbvisible\u00bb overlay_strength=\u00bb0.3&#8243; gradient_direction=\u00bbleft_to_right\u00bb shape_divider_position=\u00bbbottom\u00bb bg_image_animation=\u00bbnone\u00bb][vc_column column_padding=\u00bbno-extra-padding\u00bb column_padding_tablet=\u00bbinherit\u00bb column_padding_phone=\u00bbinherit\u00bb column_padding_position=\u00bball\u00bb column_element_direction_desktop=\u00bbdefault\u00bb column_element_spacing=\u00bbdefault\u00bb desktop_text_alignment=\u00bbdefault\u00bb tablet_text_alignment=\u00bbdefault\u00bb phone_text_alignment=\u00bbdefault\u00bb background_color_opacity=\u00bb1&#8243; background_hover_color_opacity=\u00bb1&#8243; column_backdrop_filter=\u00bbnone\u00bb column_shadow=\u00bbnone\u00bb...\" \/>\n<meta property=\"og:url\" content=\"https:\/\/balneariosierraalhamilla.com\/index.php\/servicios\/\" \/>\n<meta property=\"og:site_name\" content=\"Balneario Sierra Alhamilla\" \/>\n<meta property=\"article:publisher\" content=\"https:\/\/www.facebook.com\/BalnearioSierraAlhamilla\/?locale=es_LA\" \/>\n<meta property=\"article:modified_time\" content=\"2024-01-18T09:36:59+00:00\" \/>\n<meta name=\"twitter:card\" content=\"summary_large_image\" \/>\n<meta name=\"twitter:site\" content=\"@sierraalhamilla\" \/>\n<meta name=\"twitter:label1\" content=\"Tiempo de lectura\" \/>\n\t<meta name=\"twitter:data1\" content=\"3 minutos\" \/>\n<script type=\"application\/ld+json\" class=\"yoast-schema-graph\">{\"@context\":\"https:\\\/\\\/schema.org\",\"@graph\":[{\"@type\":\"WebPage\",\"@id\":\"https:\\\/\\\/balneariosierraalhamilla.com\\\/index.php\\\/servicios\\\/\",\"url\":\"https:\\\/\\\/balneariosierraalhamilla.com\\\/index.php\\\/servicios\\\/\",\"name\":\"Servicios - Balneario Sierra Alhamilla\",\"isPartOf\":{\"@id\":\"https:\\\/\\\/balneariosierraalhamilla.com\\\/#website\"},\"datePublished\":\"2023-12-28T09:49:03+00:00\",\"dateModified\":\"2024-01-18T09:36:59+00:00\",\"breadcrumb\":{\"@id\":\"https:\\\/\\\/balneariosierraalhamilla.com\\\/index.php\\\/servicios\\\/#breadcrumb\"},\"inLanguage\":\"es\",\"potentialAction\":[{\"@type\":\"ReadAction\",\"target\":[\"https:\\\/\\\/balneariosierraalhamilla.com\\\/index.php\\\/servicios\\\/\"]}]},{\"@type\":\"BreadcrumbList\",\"@id\":\"https:\\\/\\\/balneariosierraalhamilla.com\\\/index.php\\\/servicios\\\/#breadcrumb\",\"itemListElement\":[{\"@type\":\"ListItem\",\"position\":1,\"name\":\"Home\",\"item\":\"https:\\\/\\\/balneariosierraalhamilla.com\\\/\"},{\"@type\":\"ListItem\",\"position\":2,\"name\":\"Servicios\"}]},{\"@type\":\"WebSite\",\"@id\":\"https:\\\/\\\/balneariosierraalhamilla.com\\\/#website\",\"url\":\"https:\\\/\\\/balneariosierraalhamilla.com\\\/\",\"name\":\"Balneario Sierra Alhamilla\",\"description\":\"\",\"publisher\":{\"@id\":\"https:\\\/\\\/balneariosierraalhamilla.com\\\/#organization\"},\"potentialAction\":[{\"@type\":\"SearchAction\",\"target\":{\"@type\":\"EntryPoint\",\"urlTemplate\":\"https:\\\/\\\/balneariosierraalhamilla.com\\\/?s={search_term_string}\"},\"query-input\":{\"@type\":\"PropertyValueSpecification\",\"valueRequired\":true,\"valueName\":\"search_term_string\"}}],\"inLanguage\":\"es\"},{\"@type\":\"Organization\",\"@id\":\"https:\\\/\\\/balneariosierraalhamilla.com\\\/#organization\",\"name\":\"Balneario Sierra Alhamilla\",\"url\":\"https:\\\/\\\/balneariosierraalhamilla.com\\\/\",\"logo\":{\"@type\":\"ImageObject\",\"inLanguage\":\"es\",\"@id\":\"https:\\\/\\\/balneariosierraalhamilla.com\\\/#\\\/schema\\\/logo\\\/image\\\/\",\"url\":\"https:\\\/\\\/balneariosierraalhamilla.com\\\/wp-content\\\/uploads\\\/2023\\\/05\\\/logo_custom.png\",\"contentUrl\":\"https:\\\/\\\/balneariosierraalhamilla.com\\\/wp-content\\\/uploads\\\/2023\\\/05\\\/logo_custom.png\",\"width\":1078,\"height\":114,\"caption\":\"Balneario Sierra Alhamilla\"},\"image\":{\"@id\":\"https:\\\/\\\/balneariosierraalhamilla.com\\\/#\\\/schema\\\/logo\\\/image\\\/\"},\"sameAs\":[\"https:\\\/\\\/www.facebook.com\\\/BalnearioSierraAlhamilla\\\/?locale=es_LA\",\"https:\\\/\\\/x.com\\\/sierraalhamilla\",\"https:\\\/\\\/www.instagram.com\\\/balneariosierraalhamilla\\\/?hl=es\"]}]}<\/script>\n<!-- \/ Yoast SEO plugin. -->","yoast_head_json":{"title":"Servicios - Balneario Sierra Alhamilla","robots":{"index":"index","follow":"follow","max-snippet":"max-snippet:-1","max-image-preview":"max-image-preview:large","max-video-preview":"max-video-preview:-1"},"canonical":"https:\/\/balneariosierraalhamilla.com\/index.php\/servicios\/","og_locale":"es_ES","og_type":"article","og_title":"Servicios - Balneario Sierra Alhamilla","og_description":"[vc_row type=\u00bbin_container\u00bb full_screen_row_position=\u00bbmiddle\u00bb column_margin=\u00bbdefault\u00bb column_direction=\u00bbdefault\u00bb column_direction_tablet=\u00bbdefault\u00bb column_direction_phone=\u00bbdefault\u00bb scene_position=\u00bbcenter\u00bb text_color=\u00bbdark\u00bb text_align=\u00bbleft\u00bb row_border_radius=\u00bbnone\u00bb row_border_radius_applies=\u00bbbg\u00bb overflow=\u00bbvisible\u00bb overlay_strength=\u00bb0.3&#8243; gradient_direction=\u00bbleft_to_right\u00bb shape_divider_position=\u00bbbottom\u00bb bg_image_animation=\u00bbnone\u00bb][vc_column column_padding=\u00bbno-extra-padding\u00bb column_padding_tablet=\u00bbinherit\u00bb column_padding_phone=\u00bbinherit\u00bb column_padding_position=\u00bball\u00bb column_element_direction_desktop=\u00bbdefault\u00bb column_element_spacing=\u00bbdefault\u00bb desktop_text_alignment=\u00bbdefault\u00bb tablet_text_alignment=\u00bbdefault\u00bb phone_text_alignment=\u00bbdefault\u00bb background_color_opacity=\u00bb1&#8243; background_hover_color_opacity=\u00bb1&#8243; column_backdrop_filter=\u00bbnone\u00bb column_shadow=\u00bbnone\u00bb...","og_url":"https:\/\/balneariosierraalhamilla.com\/index.php\/servicios\/","og_site_name":"Balneario Sierra Alhamilla","article_publisher":"https:\/\/www.facebook.com\/BalnearioSierraAlhamilla\/?locale=es_LA","article_modified_time":"2024-01-18T09:36:59+00:00","twitter_card":"summary_large_image","twitter_site":"@sierraalhamilla","twitter_misc":{"Tiempo de lectura":"3 minutos"},"schema":{"@context":"https:\/\/schema.org","@graph":[{"@type":"WebPage","@id":"https:\/\/balneariosierraalhamilla.com\/index.php\/servicios\/","url":"https:\/\/balneariosierraalhamilla.com\/index.php\/servicios\/","name":"Servicios - Balneario Sierra Alhamilla","isPartOf":{"@id":"https:\/\/balneariosierraalhamilla.com\/#website"},"datePublished":"2023-12-28T09:49:03+00:00","dateModified":"2024-01-18T09:36:59+00:00","breadcrumb":{"@id":"https:\/\/balneariosierraalhamilla.com\/index.php\/servicios\/#breadcrumb"},"inLanguage":"es","potentialAction":[{"@type":"ReadAction","target":["https:\/\/balneariosierraalhamilla.com\/index.php\/servicios\/"]}]},{"@type":"BreadcrumbList","@id":"https:\/\/balneariosierraalhamilla.com\/index.php\/servicios\/#breadcrumb","itemListElement":[{"@type":"ListItem","position":1,"name":"Home","item":"https:\/\/balneariosierraalhamilla.com\/"},{"@type":"ListItem","position":2,"name":"Servicios"}]},{"@type":"WebSite","@id":"https:\/\/balneariosierraalhamilla.com\/#website","url":"https:\/\/balneariosierraalhamilla.com\/","name":"Balneario Sierra Alhamilla","description":"","publisher":{"@id":"https:\/\/balneariosierraalhamilla.com\/#organization"},"potentialAction":[{"@type":"SearchAction","target":{"@type":"EntryPoint","urlTemplate":"https:\/\/balneariosierraalhamilla.com\/?s={search_term_string}"},"query-input":{"@type":"PropertyValueSpecification","valueRequired":true,"valueName":"search_term_string"}}],"inLanguage":"es"},{"@type":"Organization","@id":"https:\/\/balneariosierraalhamilla.com\/#organization","name":"Balneario Sierra Alhamilla","url":"https:\/\/balneariosierraalhamilla.com\/","logo":{"@type":"ImageObject","inLanguage":"es","@id":"https:\/\/balneariosierraalhamilla.com\/#\/schema\/logo\/image\/","url":"https:\/\/balneariosierraalhamilla.com\/wp-content\/uploads\/2023\/05\/logo_custom.png","contentUrl":"https:\/\/balneariosierraalhamilla.com\/wp-content\/uploads\/2023\/05\/logo_custom.png","width":1078,"height":114,"caption":"Balneario Sierra Alhamilla"},"image":{"@id":"https:\/\/balneariosierraalhamilla.com\/#\/schema\/logo\/image\/"},"sameAs":["https:\/\/www.facebook.com\/BalnearioSierraAlhamilla\/?locale=es_LA","https:\/\/x.com\/sierraalhamilla","https:\/\/www.instagram.com\/balneariosierraalhamilla\/?hl=es"]}]}},"_links":{"self":[{"href":"https:\/\/balneariosierraalhamilla.com\/index.php\/wp-json\/wp\/v2\/pages\/129","targetHints":{"allow":["GET"]}}],"collection":[{"href":"https:\/\/balneariosierraalhamilla.com\/index.php\/wp-json\/wp\/v2\/pages"}],"about":[{"href":"https:\/\/balneariosierraalhamilla.com\/index.php\/wp-json\/wp\/v2\/types\/page"}],"author":[{"embeddable":true,"href":"https:\/\/balneariosierraalhamilla.com\/index.php\/wp-json\/wp\/v2\/users\/1"}],"replies":[{"embeddable":true,"href":"https:\/\/balneariosierraalhamilla.com\/index.php\/wp-json\/wp\/v2\/comments?post=129"}],"version-history":[{"count":2,"href":"https:\/\/balneariosierraalhamilla.com\/index.php\/wp-json\/wp\/v2\/pages\/129\/revisions"}],"predecessor-version":[{"id":207,"href":"https:\/\/balneariosierraalhamilla.com\/index.php\/wp-json\/wp\/v2\/pages\/129\/revisions\/207"}],"wp:attachment":[{"href":"https:\/\/balneariosierraalhamilla.com\/index.php\/wp-json\/wp\/v2\/media?parent=129"}],"curies":[{"name":"wp","href":"https:\/\/api.w.org\/{rel}","templated":true}]}}